{"id":30,"date":"2018-05-22T23:34:41","date_gmt":"2018-05-22T21:34:41","guid":{"rendered":"http:\/\/www.nadmt.sk\/?page_id=30"},"modified":"2022-07-22T17:19:11","modified_gmt":"2022-07-22T15:19:11","slug":"kontakt","status":"publish","type":"page","link":"https:\/\/www.nadmt.sk\/en\/kontakt\/","title":{"rendered":"Contact"},"content":{"rendered":"<p style=\"text-align: center;\"><div class=\"gdc_row\"><div class=\"gdc_column gdc_chalf\"><div class=\"gdc_inner\">\n<p style=\"text-align: center;\">Headquarter:<\/p>\n<h4 style=\"text-align: center;\"><strong>NAD MARTIN, s.r.o.<\/strong><\/h4>\n<h5 style=\"text-align: center;\">Koll\u00e1rov\u00e1 79<\/h5>\n<h5 style=\"text-align: center;\">036 01 Martin<\/h5>\n<p style=\"text-align: center;\"><\/div><\/div><div class=\"gdc_column gdc_chalf\"><div class=\"gdc_inner\">\n<p style=\"text-align: center;\"><img loading=\"lazy\" decoding=\"async\" class=\"alignnone size-medium wp-image-83\" src=\"https:\/\/www.nadmt.sk\/wp-content\/uploads\/mapa_slovensko-300x161.gif\" alt=\"\" width=\"300\" height=\"161\" srcset=\"https:\/\/www.nadmt.sk\/wp-content\/uploads\/mapa_slovensko-300x161.gif 300w, https:\/\/www.nadmt.sk\/wp-content\/uploads\/mapa_slovensko-150x80.gif 150w\" sizes=\"auto, (max-width: 300px) 100vw, 300px\" \/><\/p>\n<p style=\"text-align: center;\"><\/div><\/div><\/div>\n<p style=\"text-align: center;\"><div class=\"gdc_row\"><div class=\"gdc_column gdc_cthird\"><div class=\"gdc_inner\">\n<p style=\"text-align: center;\">Hotline: +421 (0) 65 0444 966<br \/>\nFax: +421 (0) 65 0444 960<\/p>\n<p style=\"text-align: center;\"><\/div><\/div><div class=\"gdc_column gdc_cthird\"><div class=\"gdc_inner\">\n<p style=\"text-align: center;\">e-mail:\u00a0<a href=\"mailto:nad@nadmt.sk\">nad@nadmt.sk<\/a><br \/>\nWeb:\u00a0<a href=\"https:\/\/www.nadmt.sk\">www.nadmt.sk<\/a><\/p>\n<p style=\"text-align: center;\"><\/div><\/div><div class=\"gdc_column gdc_cthird\"><div class=\"gdc_inner\">\n<p style=\"text-align: center;\">I\u010cO: 47 234 954<br \/>\nI\u010c DPH: SK2023303359<\/p>\n<p style=\"text-align: center;\"><\/div><\/div><\/div>\n<p style=\"text-align: center;\"><strong>NAD MARTIN, Ltd. is available for you as soon as needs.<\/strong><\/p>\n<p>&nbsp;<\/p>\n<p style=\"text-align: center;\"><div class=\"gdc_column gdc_chalf\"><div class=\"gdc_inner\">\n<p style=\"text-align: center;\">CEO:<br \/>\n<strong>Pavol Pie\u0161\u0165ansk\u00fd, MBA<\/strong><br \/>\ne-mail:\u00a0<a href=\"mailto:piestansky@nadmt.sk\">piestansky@nadmt.sk<\/a><\/p>\n<p style=\"text-align: center;\">Economic Section:<br \/>\n<strong>Monika F\u013eakov\u00e1<\/strong>\u00a0&#8211; Head of Economics<br \/>\n+421 915 848 160<br \/>\ne-mail:\u00a0<a href=\"mailto:flakova@nadmt.sk\">flakova@nadmt.sk<\/a><\/p>\n<p style=\"text-align: center;\"><\/div><\/div>\n<p style=\"text-align: center;\"><div class=\"gdc_column gdc_chalf\"><div class=\"gdc_inner\">\n<p style=\"text-align: center;\"><strong>Ing. Jaroslav Majcher<\/strong> \u2013 Workshop manager<br \/>\n+421 917 944 220<br \/>\ne-mail: <a href=\"mailto:nad@nadmt.sk\">nad@nadmt.sk<\/a><\/p>\n<p style=\"text-align: center;\"><strong>Dana Pal\u010dekov\u00e1<\/strong>\u00a0\u2013 Administrator of buildings and warehouses<br \/>\n+421 915 848 186<br \/>\ne-mail:\u00a0<a href=\"mailto:palcekova@nadmt.sk\">palcekova@nadmt.sk<\/a><\/p>\n<p style=\"text-align: center;\"><\/div><\/div>","protected":false},"excerpt":{"rendered":"<p>NAD MARTIN, Ltd. is available for you as soon as needs. &nbsp;<\/p>\n<a class=\"moretag noptoppad\" href=\"https:\/\/www.nadmt.sk\/en\/kontakt\/\">Read More...<\/a>","protected":false},"author":1,"featured_media":0,"parent":0,"menu_order":0,"comment_status":"closed","ping_status":"closed","template":"no-sidebar.php","meta":{"_monsterinsights_skip_tracking":false,"_monsterinsights_sitenote_active":false,"_monsterinsights_sitenote_note":"","_monsterinsights_sitenote_category":0,"footnotes":"","_links_to":"","_links_to_target":""},"class_list":["post-30","page","type-page","status-publish","hentry"],"aioseo_notices":[],"_links":{"self":[{"href":"https:\/\/www.nadmt.sk\/en\/wp-json\/wp\/v2\/pages\/30","targetHints":{"allow":["GET"]}}],"collection":[{"href":"https:\/\/www.nadmt.sk\/en\/wp-json\/wp\/v2\/pages"}],"about":[{"href":"https:\/\/www.nadmt.sk\/en\/wp-json\/wp\/v2\/types\/page"}],"author":[{"embeddable":true,"href":"https:\/\/www.nadmt.sk\/en\/wp-json\/wp\/v2\/users\/1"}],"replies":[{"embeddable":true,"href":"https:\/\/www.nadmt.sk\/en\/wp-json\/wp\/v2\/comments?post=30"}],"version-history":[{"count":46,"href":"https:\/\/www.nadmt.sk\/en\/wp-json\/wp\/v2\/pages\/30\/revisions"}],"predecessor-version":[{"id":351,"href":"https:\/\/www.nadmt.sk\/en\/wp-json\/wp\/v2\/pages\/30\/revisions\/351"}],"wp:attachment":[{"href":"https:\/\/www.nadmt.sk\/en\/wp-json\/wp\/v2\/media?parent=30"}],"curies":[{"name":"wp","href":"https:\/\/api.w.org\/{rel}","templated":true}]}}